{"id":9,"date":"2014-09-10T19:56:47","date_gmt":"2014-09-10T19:56:47","guid":{"rendered":"http:\/\/globalrelief.co.za\/?page_id=9"},"modified":"2023-02-21T04:36:16","modified_gmt":"2023-02-21T04:36:16","slug":"home","status":"publish","type":"page","link":"https:\/\/globalrelief.co.za\/","title":{"rendered":"Home"},"content":{"rendered":"<p><a href=\"https:\/\/globalrelief.co.za\/wp-content\/uploads\/2023\/02\/phone_destoyed_building.jpg\"><img decoding=\"async\" loading=\"lazy\" class=\"alignnone size-full wp-image-336\" src=\"https:\/\/globalrelief.co.za\/wp-content\/uploads\/2023\/02\/phone_destoyed_building.jpg\" alt=\"\" width=\"1380\" height=\"920\" srcset=\"https:\/\/globalrelief.co.za\/wp-content\/uploads\/2023\/02\/phone_destoyed_building.jpg 1380w, https:\/\/globalrelief.co.za\/wp-content\/uploads\/2023\/02\/phone_destoyed_building-300x200.jpg 300w, https:\/\/globalrelief.co.za\/wp-content\/uploads\/2023\/02\/phone_destoyed_building-1024x683.jpg 1024w, https:\/\/globalrelief.co.za\/wp-content\/uploads\/2023\/02\/phone_destoyed_building-768x512.jpg 768w, https:\/\/globalrelief.co.za\/wp-content\/uploads\/2023\/02\/phone_destoyed_building-624x416.jpg 624w\" sizes=\"(max-width: 1380px) 100vw, 1380px\" \/><\/a><\/p>\n<p>A man speaks on the phone as he sits by a fire near a destroyed building in the aftermath of a deadly earthquake in Antakya, Turkey February 20, 2023. REUTERS\/Maxim Shemetov<\/p>\n<p>ANTAKYA, Turkey, Feb 20 (Reuters) &#8211; Turkey stepped up work to clear away rubble from collapsed buildings on Monday, as rescue work wound down two weeks after major earthquakes killed more than 46,000 people in southern Turkey and northwest Syria.<br \/>\nTurkey&#8217;s Disaster and Emergency Management Authority (AFAD) said that nearly 13,000 excavators, cranes, trucks and other industrial vehicles had been sent to the quake zone.<\/p>\n<p><a href=\"https:\/\/globalrelief.co.za\/wp-content\/uploads\/2023\/02\/bucket.jpg\"><img decoding=\"async\" loading=\"lazy\" class=\"alignnone size-full wp-image-337\" src=\"https:\/\/globalrelief.co.za\/wp-content\/uploads\/2023\/02\/bucket.jpg\" alt=\"\" width=\"767\" height=\"613\" srcset=\"https:\/\/globalrelief.co.za\/wp-content\/uploads\/2023\/02\/bucket.jpg 767w, https:\/\/globalrelief.co.za\/wp-content\/uploads\/2023\/02\/bucket-300x240.jpg 300w, https:\/\/globalrelief.co.za\/wp-content\/uploads\/2023\/02\/bucket-624x499.jpg 624w\" sizes=\"(max-width: 767px) 100vw, 767px\" \/><\/a><\/p>\n<p>Help urgently needed to mitigate the trauma and immediate needs of survivors. Due to infrastructural damage and to support the local economy, at this stage funding is the feasible way to go. GRf needs funds to empower survivors in need of heating, stoves, tents, soft toys and hope.<br \/>\nYour donation towards the GRf emergency fund will enable our volunteer workers as they are addressing the most urgent needs of survivors. When donating, kindly specify project you wish to support.<br \/>\nCost per tent $500 to $600 about R12 500<br \/>\nCost per soft toy R300 to R500<br \/>\nHelp sending a Volunteer R20 000 (flight ticket and basics)<\/p>\n<p>WHO WE ARE AND WHAT WE DO<\/p>\n<p>Global Relief (GRf) is a South African based relief organization that facilitates professional and other volunteers to assist the survivors of major disasters around the world and empower the affected communities to take ownership of their own reconstruction.<\/p>\n<p><strong>Currently<\/strong>, we are helping people in Turkey and Syria, after the devastation left by the 2023 earthquake. Please view\u00a0new posts on our <a title=\"Current\" href=\"https:\/\/globalrelief.co.za\/?page_id=2\" target=\"_blank\" rel=\"noopener\">current <\/a>page.<\/p>\n<p>It all started when a group of volunteer medical people, a psychologist and civil engineers assisted earthquake survivors in Turkey, 1999. We will therefore be returning to the country, but to a different area.<\/p>\n<p>Our medical volunteers provide medical treatment and our civil and structural engineers inspect buildings to determine their safety. Our psychosocial workers are trained to help survivors deal with the emotional trauma of a disaster.<\/p>\n<p>We have provided essential services at major earthquake scenes in Turkey, Algeria, India, Iran and during the Southeast Asian tsunami of December 2004.<\/p>\n<p>GRf is a volunteer organization. We rely heavily on donations from the public in order to continue providing these emergency services. Click <a href=\"https:\/\/www.givengain.com\/cgi-bin\/giga.cgi?cmd=donate&amp;cause_id=1080\" target=\"_blank\" rel=\"noopener\">here<\/a> to make a secure online donation towards our emergency fund.<\/p>\n<p><a href=\"https:\/\/globalrelief.co.za\/wp-content\/uploads\/2014\/09\/History-1999-2017.jpg\"><img decoding=\"async\" loading=\"lazy\" class=\"alignnone size-full wp-image-240\" src=\"https:\/\/globalrelief.co.za\/wp-content\/uploads\/2014\/09\/History-1999-2017.jpg\" alt=\"History 1999 - 2017\" width=\"960\" height=\"720\" srcset=\"https:\/\/globalrelief.co.za\/wp-content\/uploads\/2014\/09\/History-1999-2017.jpg 960w, https:\/\/globalrelief.co.za\/wp-content\/uploads\/2014\/09\/History-1999-2017-300x225.jpg 300w, https:\/\/globalrelief.co.za\/wp-content\/uploads\/2014\/09\/History-1999-2017-624x468.jpg 624w\" sizes=\"(max-width: 960px) 100vw, 960px\" \/><\/a><\/p>\n<hr \/>\n<p>WIE ONS IS &amp; WAT ONS DOEN<\/p>\n<p>Global Relief (GRf) is \u2019n Suid-Afrikaans-gebaseerde hulp-organisasie wat professionele en ander vrywilligers fasiliteer om oorlewendes van rampe regoor die w\u00eareld by te staan. Ons werkers is opgelei om oorlewendes by te staan met die emosionele trauma van \u2018n ramp.<\/p>\n<p>Ons is <strong>tans<\/strong> besig om vlugtendes in die kampe vir ontwortelde mense in Irak, Siri\u00eb en die Midde Ooste by te staan. Vir meer inligting, sien asseblief ons nuwe projekte op die &#8220;<a title=\"Current\" href=\"https:\/\/globalrelief.co.za\/?page_id=2\" target=\"_blank\" rel=\"noopener\">Current<\/a>&#8220;-blad.<\/p>\n<p>Dit het begin toe \u2018n groep mediese personeel, \u2018n sielkundige en siviele ingenieurs die oorlewendes van die aardbewing in Turkye in 1999 vrywillig bygestaan het.<\/p>\n<p>Ons mediese vrywilligers verskaf mediese behandeling en ons siviele en strukturele ingenieurs inspekteer geboue om die veiligheid daarvan te bepaal.<\/p>\n<p>Ons het noodsaaklike dienste verskaf in die areas waar groot aardbewings plaasgevind het, soos bv. in Turkye, Algeri\u00eb, Indi\u00eb en Iran asook gedurende die Suidoos-Asi\u00eb tsunami in Desember 2004.<\/p>\n<p>GRf is \u2018n organisasie van vrywilligers. Ons maak staat op publieke skenkings om die nooddienste te kan lewer. Klik <a href=\"https:\/\/www.givengain.com\/cgi-bin\/giga.cgi?cmd=donate&amp;cause_id=1080\" target=\"_blank\" rel=\"noopener\">hier<\/a> om \u2019n veilige aanlyn donasie tot ons fonds te maak.<\/p>\n","protected":false},"excerpt":{"rendered":"<p>A man speaks on the phone as he sits by a fire near a destroyed building in the aftermath of a deadly earthquake in Antakya, Turkey February 20, 2023. REUTERS\/Maxim Shemetov ANTAKYA, Turkey, Feb 20 (Reuters) &#8211; Turkey stepped up work to clear away rubble from collapsed buildings on Monday, as rescue work wound down [&hellip;]<\/p>\n","protected":false},"author":1,"featured_media":0,"parent":0,"menu_order":0,"comment_status":"open","ping_status":"open","template":"","meta":[],"_links":{"self":[{"href":"https:\/\/globalrelief.co.za\/index.php?rest_route=\/wp\/v2\/pages\/9"}],"collection":[{"href":"https:\/\/globalrelief.co.za\/index.php?rest_route=\/wp\/v2\/pages"}],"about":[{"href":"https:\/\/globalrelief.co.za\/index.php?rest_route=\/wp\/v2\/types\/page"}],"author":[{"embeddable":true,"href":"https:\/\/globalrelief.co.za\/index.php?rest_route=\/wp\/v2\/users\/1"}],"replies":[{"embeddable":true,"href":"https:\/\/globalrelief.co.za\/index.php?rest_route=%2Fwp%2Fv2%2Fcomments&post=9"}],"version-history":[{"count":18,"href":"https:\/\/globalrelief.co.za\/index.php?rest_route=\/wp\/v2\/pages\/9\/revisions"}],"predecessor-version":[{"id":338,"href":"https:\/\/globalrelief.co.za\/index.php?rest_route=\/wp\/v2\/pages\/9\/revisions\/338"}],"wp:attachment":[{"href":"https:\/\/globalrelief.co.za\/index.php?rest_route=%2Fwp%2Fv2%2Fmedia&parent=9"}],"curies":[{"name":"wp","href":"https:\/\/api.w.org\/{rel}","templated":true}]}}